{"id":32,"date":"2024-11-13T20:54:03","date_gmt":"2024-11-13T20:54:03","guid":{"rendered":"http:\/\/farnwohlen.ch\/?page_id=32"},"modified":"2025-10-04T19:35:04","modified_gmt":"2025-10-04T19:35:04","slug":"home","status":"publish","type":"page","link":"https:\/\/farnwohlen.ch\/","title":{"rendered":"Home"},"content":{"rendered":"\t\t<div data-elementor-type=\"wp-page\" data-elementor-id=\"32\" class=\"elementor elementor-32\">\n\t\t\t\t<div class=\"elementor-element elementor-element-d5cfde3 e-flex e-con-boxed e-con e-parent\" data-id=\"d5cfde3\" data-element_type=\"container\" data-e-type=\"container\" data-settings=\"{&quot;background_background&quot;:&quot;classic&quot;}\">\n\t\t\t\t\t<div class=\"e-con-inner\">\n\t\t\t\t<div class=\"elementor-element elementor-element-3ecd55be elementor-invisible elementor-widget elementor-widget-heading\" data-id=\"3ecd55be\" data-element_type=\"widget\" data-e-type=\"widget\" data-settings=\"{&quot;_animation&quot;:&quot;fadeIn&quot;}\" data-widget_type=\"heading.default\">\n\t\t\t\t<div class=\"elementor-widget-container\">\n\t\t\t\t\t<h1 class=\"elementor-heading-title elementor-size-default\">Willkommen im Farn<\/h1>\t\t\t\t<\/div>\n\t\t\t\t<\/div>\n\t\t\t\t<div class=\"elementor-element elementor-element-32b3f1bc elementor-invisible elementor-widget elementor-widget-heading\" data-id=\"32b3f1bc\" data-element_type=\"widget\" data-e-type=\"widget\" data-settings=\"{&quot;_animation&quot;:&quot;fadeIn&quot;}\" data-widget_type=\"heading.default\">\n\t\t\t\t<div class=\"elementor-widget-container\">\n\t\t\t\t\t<h5 class=\"elementor-heading-title elementor-size-default\">Alles \u00fcber die Farn \/\/ All about Farn<\/h5>\t\t\t\t<\/div>\n\t\t\t\t<\/div>\n\t\t\t\t<div class=\"elementor-element elementor-element-2a921c06 elementor-align-center elementor-invisible elementor-widget elementor-widget-button\" data-id=\"2a921c06\" data-element_type=\"widget\" data-e-type=\"widget\" data-settings=\"{&quot;_animation&quot;:&quot;fadeIn&quot;,&quot;_animation_delay&quot;:400}\" data-widget_type=\"button.default\">\n\t\t\t\t<div class=\"elementor-widget-container\">\n\t\t\t\t\t\t\t\t\t<div class=\"elementor-button-wrapper\">\n\t\t\t\t\t<a class=\"elementor-button elementor-size-sm\" role=\"button\">\n\t\t\t\t\t\t<span class=\"elementor-button-content-wrapper\">\n\t\t\t\t\t\t\t\t\t<span class=\"elementor-button-text\">Contact us<\/span>\n\t\t\t\t\t<\/span>\n\t\t\t\t\t<\/a>\n\t\t\t\t<\/div>\n\t\t\t\t\t\t\t\t<\/div>\n\t\t\t\t<\/div>\n\t\t\t\t\t<\/div>\n\t\t\t\t<\/div>\n\t\t<div class=\"elementor-element elementor-element-76b52626 e-flex e-con-boxed e-con e-parent\" data-id=\"76b52626\" data-element_type=\"container\" data-e-type=\"container\">\n\t\t\t\t\t<div class=\"e-con-inner\">\n\t\t\t\t<div class=\"elementor-element elementor-element-30e5297 elementor-widget elementor-widget-heading\" data-id=\"30e5297\" data-element_type=\"widget\" data-e-type=\"widget\" data-widget_type=\"heading.default\">\n\t\t\t\t<div class=\"elementor-widget-container\">\n\t\t\t\t\t<h2 class=\"elementor-heading-title elementor-size-default\">Auf einen Blick \/\/ at a glance<\/h2>\t\t\t\t<\/div>\n\t\t\t\t<\/div>\n\t\t\t\t<div class=\"elementor-element elementor-element-ccbb979 elementor-widget elementor-widget-heading\" data-id=\"ccbb979\" data-element_type=\"widget\" data-e-type=\"widget\" data-widget_type=\"heading.default\">\n\t\t\t\t<div class=\"elementor-widget-container\">\n\t\t\t\t\t<h5 class=\"elementor-heading-title elementor-size-default\">Wir sind ein Wohnquartier, eine Gemeinschaft und ein Ortsteil in der Gemeinde Wohlen AG. Ob als Besucher oder als Einwohner, hier findest du alle Informationen rund um unser sch\u00f6nes Quartier.<\/h5>\t\t\t\t<\/div>\n\t\t\t\t<\/div>\n\t\t\t\t<div class=\"elementor-element elementor-element-124ec14 elementor-widget elementor-widget-heading\" data-id=\"124ec14\" data-element_type=\"widget\" data-e-type=\"widget\" data-widget_type=\"heading.default\">\n\t\t\t\t<div class=\"elementor-widget-container\">\n\t\t\t\t\t<h5 class=\"elementor-heading-title elementor-size-default\">We are a residential neighbourhood, a community and a district in the municipality of Wohlen AG. Whether you are a visitor or a resident, here you will find all the information you need about our beautiful neighbourhood.<\/h5>\t\t\t\t<\/div>\n\t\t\t\t<\/div>\n\t\t<div class=\"elementor-element elementor-element-b2d7dbe e-con-full e-flex e-con e-child\" data-id=\"b2d7dbe\" data-element_type=\"container\" data-e-type=\"container\">\n\t\t\t\t<div class=\"elementor-element elementor-element-43ed2439 elementor-widget-tablet__width-initial elementor-widget-mobile__width-inherit elementor-widget__width-initial elementor-position-top elementor-widget elementor-widget-image-box\" data-id=\"43ed2439\" data-element_type=\"widget\" data-e-type=\"widget\" data-widget_type=\"image-box.default\">\n\t\t\t\t<div class=\"elementor-widget-container\">\n\t\t\t\t\t<div class=\"elementor-image-box-wrapper\"><figure class=\"elementor-image-box-img\"><a href=\"http:\/\/zu%20allen%20news\" tabindex=\"-1\"><img fetchpriority=\"high\" decoding=\"async\" width=\"1638\" height=\"1229\" src=\"https:\/\/farnwohlen.ch\/wp-content\/uploads\/2024\/11\/farnherbst2023-01.jpg\" class=\"elementor-animation-grow attachment-full size-full wp-image-91\" alt=\"\" srcset=\"https:\/\/farnwohlen.ch\/wp-content\/uploads\/2024\/11\/farnherbst2023-01.jpg 1638w, https:\/\/farnwohlen.ch\/wp-content\/uploads\/2024\/11\/farnherbst2023-01-300x225.jpg 300w, https:\/\/farnwohlen.ch\/wp-content\/uploads\/2024\/11\/farnherbst2023-01-1024x768.jpg 1024w, https:\/\/farnwohlen.ch\/wp-content\/uploads\/2024\/11\/farnherbst2023-01-768x576.jpg 768w, https:\/\/farnwohlen.ch\/wp-content\/uploads\/2024\/11\/farnherbst2023-01-1536x1152.jpg 1536w\" sizes=\"(max-width: 1638px) 100vw, 1638px\" \/><\/a><\/figure><div class=\"elementor-image-box-content\"><h4 class=\"elementor-image-box-title\"><a href=\"http:\/\/zu%20allen%20news\">News<\/a><\/h4><p class=\"elementor-image-box-description\">26.09.2025 \/\/ Der Gemeinderat weist das Baugesuch f\u00fcr die Areal\u00fcberbauung \u00abB\u00e4rholzstrasse\u00bb ab.\n<br>\n<br>\n01.09.2025 \/\/ Der Vorstand m\u00f6chte darauf aufmerksam machen, dass einige Str\u00e4ucher zur\u00fcckgeschnitten werden m\u00fcssen.\n<\/p><\/div><\/div>\t\t\t\t<\/div>\n\t\t\t\t<\/div>\n\t\t\t\t<div class=\"elementor-element elementor-element-3afe9b04 elementor-widget-tablet__width-initial elementor-widget-mobile__width-inherit elementor-widget__width-initial elementor-position-top elementor-widget elementor-widget-image-box\" data-id=\"3afe9b04\" data-element_type=\"widget\" data-e-type=\"widget\" data-widget_type=\"image-box.default\">\n\t\t\t\t<div class=\"elementor-widget-container\">\n\t\t\t\t\t<div class=\"elementor-image-box-wrapper\"><figure class=\"elementor-image-box-img\"><img decoding=\"async\" width=\"1638\" height=\"1229\" src=\"https:\/\/farnwohlen.ch\/wp-content\/uploads\/2024\/11\/spielplatz-herbst.jpg\" class=\"elementor-animation-grow attachment-full size-full wp-image-62\" alt=\"\" srcset=\"https:\/\/farnwohlen.ch\/wp-content\/uploads\/2024\/11\/spielplatz-herbst.jpg 1638w, https:\/\/farnwohlen.ch\/wp-content\/uploads\/2024\/11\/spielplatz-herbst-300x225.jpg 300w, https:\/\/farnwohlen.ch\/wp-content\/uploads\/2024\/11\/spielplatz-herbst-1024x768.jpg 1024w, https:\/\/farnwohlen.ch\/wp-content\/uploads\/2024\/11\/spielplatz-herbst-768x576.jpg 768w, https:\/\/farnwohlen.ch\/wp-content\/uploads\/2024\/11\/spielplatz-herbst-1536x1152.jpg 1536w\" sizes=\"(max-width: 1638px) 100vw, 1638px\" \/><\/figure><div class=\"elementor-image-box-content\"><h4 class=\"elementor-image-box-title\">Agenda<\/h4><p class=\"elementor-image-box-description\">Wir informieren \u00fcber bevorstehende Termine, sei es bez\u00fcglich Papiersammlung, Eigent\u00fcmer-Versammlung, Farn-Feste, J\u00e4t-Tag, Container-Reinigungen und weiterem.\n\/\/\nWe inform about upcoming dates, be it regarding paper collection, owners' meeting, farn festivals, weeding day, container cleaning and more.<\/p><\/div><\/div>\t\t\t\t<\/div>\n\t\t\t\t<\/div>\n\t\t\t\t<\/div>\n\t\t\t\t\t<\/div>\n\t\t\t\t<\/div>\n\t\t<div class=\"elementor-element elementor-element-2dc88a3 e-flex e-con-boxed e-con e-parent\" data-id=\"2dc88a3\" data-element_type=\"container\" data-e-type=\"container\">\n\t\t\t\t\t<div class=\"e-con-inner\">\n\t\t\t\t<div class=\"elementor-element elementor-element-cf1eca3 elementor-widget elementor-widget-image-gallery\" data-id=\"cf1eca3\" data-element_type=\"widget\" data-e-type=\"widget\" data-widget_type=\"image-gallery.default\">\n\t\t\t\t<div class=\"elementor-widget-container\">\n\t\t\t\t\t\t\t<div class=\"elementor-image-gallery\">\n\t\t\t<div id='gallery-1' class='gallery galleryid-32 gallery-columns-4 gallery-size-thumbnail'><figure class='gallery-item'>\n\t\t\t<div class='gallery-icon landscape'>\n\t\t\t\t<a data-elementor-open-lightbox=\"yes\" data-elementor-lightbox-slideshow=\"cf1eca3\" data-elementor-lightbox-title=\"farnherbst2023-01\" data-e-action-hash=\"#elementor-action%3Aaction%3Dlightbox%26settings%3DeyJpZCI6OTEsInVybCI6Imh0dHBzOlwvXC9mYXJud29obGVuLmNoXC93cC1jb250ZW50XC91cGxvYWRzXC8yMDI0XC8xMVwvZmFybmhlcmJzdDIwMjMtMDEuanBnIiwic2xpZGVzaG93IjoiY2YxZWNhMyJ9\" href='https:\/\/farnwohlen.ch\/wp-content\/uploads\/2024\/11\/farnherbst2023-01.jpg'><img decoding=\"async\" width=\"150\" height=\"150\" src=\"https:\/\/farnwohlen.ch\/wp-content\/uploads\/2024\/11\/farnherbst2023-01-150x150.jpg\" class=\"attachment-thumbnail size-thumbnail\" alt=\"\" \/><\/a>\n\t\t\t<\/div><\/figure><figure class='gallery-item'>\n\t\t\t<div class='gallery-icon landscape'>\n\t\t\t\t<a data-elementor-open-lightbox=\"yes\" data-elementor-lightbox-slideshow=\"cf1eca3\" data-elementor-lightbox-title=\"abfallhaus\" data-e-action-hash=\"#elementor-action%3Aaction%3Dlightbox%26settings%3DeyJpZCI6ODEsInVybCI6Imh0dHBzOlwvXC9mYXJud29obGVuLmNoXC93cC1jb250ZW50XC91cGxvYWRzXC8yMDI0XC8xMVwvYWJmYWxsaGF1cy5qcGciLCJzbGlkZXNob3ciOiJjZjFlY2EzIn0%3D\" href='https:\/\/farnwohlen.ch\/wp-content\/uploads\/2024\/11\/abfallhaus.jpg'><img loading=\"lazy\" decoding=\"async\" width=\"150\" height=\"150\" src=\"https:\/\/farnwohlen.ch\/wp-content\/uploads\/2024\/11\/abfallhaus-150x150.jpg\" class=\"attachment-thumbnail size-thumbnail\" alt=\"\" \/><\/a>\n\t\t\t<\/div><\/figure><figure class='gallery-item'>\n\t\t\t<div class='gallery-icon landscape'>\n\t\t\t\t<a data-elementor-open-lightbox=\"yes\" data-elementor-lightbox-slideshow=\"cf1eca3\" data-elementor-lightbox-title=\"farnherbst2023-02\" data-e-action-hash=\"#elementor-action%3Aaction%3Dlightbox%26settings%3DeyJpZCI6ODAsInVybCI6Imh0dHBzOlwvXC9mYXJud29obGVuLmNoXC93cC1jb250ZW50XC91cGxvYWRzXC8yMDI0XC8xMVwvZmFybmhlcmJzdDIwMjMtMDIuanBnIiwic2xpZGVzaG93IjoiY2YxZWNhMyJ9\" href='https:\/\/farnwohlen.ch\/wp-content\/uploads\/2024\/11\/farnherbst2023-02.jpg'><img loading=\"lazy\" decoding=\"async\" width=\"150\" height=\"150\" src=\"https:\/\/farnwohlen.ch\/wp-content\/uploads\/2024\/11\/farnherbst2023-02-150x150.jpg\" class=\"attachment-thumbnail size-thumbnail\" alt=\"\" \/><\/a>\n\t\t\t<\/div><\/figure><figure class='gallery-item'>\n\t\t\t<div class='gallery-icon landscape'>\n\t\t\t\t<a data-elementor-open-lightbox=\"yes\" data-elementor-lightbox-slideshow=\"cf1eca3\" data-elementor-lightbox-title=\"spielplatz-herbst\" data-e-action-hash=\"#elementor-action%3Aaction%3Dlightbox%26settings%3DeyJpZCI6NjIsInVybCI6Imh0dHBzOlwvXC9mYXJud29obGVuLmNoXC93cC1jb250ZW50XC91cGxvYWRzXC8yMDI0XC8xMVwvc3BpZWxwbGF0ei1oZXJic3QuanBnIiwic2xpZGVzaG93IjoiY2YxZWNhMyJ9\" href='https:\/\/farnwohlen.ch\/wp-content\/uploads\/2024\/11\/spielplatz-herbst.jpg'><img loading=\"lazy\" decoding=\"async\" width=\"150\" height=\"150\" src=\"https:\/\/farnwohlen.ch\/wp-content\/uploads\/2024\/11\/spielplatz-herbst-150x150.jpg\" class=\"attachment-thumbnail size-thumbnail\" alt=\"\" \/><\/a>\n\t\t\t<\/div><\/figure>\n\t\t<\/div>\n\t\t<\/div>\n\t\t\t\t\t\t<\/div>\n\t\t\t\t<\/div>\n\t\t\t\t\t<\/div>\n\t\t\t\t<\/div>\n\t\t<div class=\"elementor-element elementor-element-7ec971ec e-flex e-con-boxed e-con e-parent\" data-id=\"7ec971ec\" data-element_type=\"container\" data-e-type=\"container\">\n\t\t\t\t\t<div class=\"e-con-inner\">\n\t\t\t\t<div class=\"elementor-element elementor-element-6abcc723 elementor-widget elementor-widget-heading\" data-id=\"6abcc723\" data-element_type=\"widget\" data-e-type=\"widget\" data-widget_type=\"heading.default\">\n\t\t\t\t<div class=\"elementor-widget-container\">\n\t\t\t\t\t<h2 class=\"elementor-heading-title elementor-size-default\">Kontakt<\/h2>\t\t\t\t<\/div>\n\t\t\t\t<\/div>\n\t\t\t\t<div class=\"elementor-element elementor-element-b5c8488 elementor-widget elementor-widget-button\" data-id=\"b5c8488\" data-element_type=\"widget\" data-e-type=\"widget\" data-widget_type=\"button.default\">\n\t\t\t\t<div class=\"elementor-widget-container\">\n\t\t\t\t\t\t\t\t\t<div class=\"elementor-button-wrapper\">\n\t\t\t\t\t<a class=\"elementor-button elementor-button-link elementor-size-sm\" href=\"mailto:chris@catrophy.com\">\n\t\t\t\t\t\t<span class=\"elementor-button-content-wrapper\">\n\t\t\t\t\t\t<span class=\"elementor-button-icon\">\n\t\t\t\t<svg aria-hidden=\"true\" class=\"e-font-icon-svg e-fas-concierge-bell\" viewBox=\"0 0 512 512\" xmlns=\"http:\/\/www.w3.org\/2000\/svg\"><path d=\"M288 130.54V112h16c8.84 0 16-7.16 16-16V80c0-8.84-7.16-16-16-16h-96c-8.84 0-16 7.16-16 16v16c0 8.84 7.16 16 16 16h16v18.54C115.49 146.11 32 239.18 32 352h448c0-112.82-83.49-205.89-192-221.46zM496 384H16c-8.84 0-16 7.16-16 16v32c0 8.84 7.16 16 16 16h480c8.84 0 16-7.16 16-16v-32c0-8.84-7.16-16-16-16z\"><\/path><\/svg>\t\t\t<\/span>\n\t\t\t\t\t\t\t\t\t<span class=\"elementor-button-text\">Hier klicken<\/span>\n\t\t\t\t\t<\/span>\n\t\t\t\t\t<\/a>\n\t\t\t\t<\/div>\n\t\t\t\t\t\t\t\t<\/div>\n\t\t\t\t<\/div>\n\t\t\t\t\t<\/div>\n\t\t\t\t<\/div>\n\t\t<div class=\"elementor-element elementor-element-f8f9da6 e-flex e-con-boxed e-con e-parent\" data-id=\"f8f9da6\" data-element_type=\"container\" data-e-type=\"container\">\n\t\t\t\t\t<div class=\"e-con-inner\">\n\t\t<div class=\"elementor-element elementor-element-d7f27b8 e-con-full e-flex e-con e-child\" data-id=\"d7f27b8\" data-element_type=\"container\" data-e-type=\"container\">\n\t\t\t\t<\/div>\n\t\t<div class=\"elementor-element elementor-element-14b4d0e e-con-full e-flex e-con e-child\" data-id=\"14b4d0e\" data-element_type=\"container\" data-e-type=\"container\">\n\t\t\t\t<\/div>\n\t\t<div class=\"elementor-element elementor-element-7841eb5 e-con-full e-flex e-con e-child\" data-id=\"7841eb5\" data-element_type=\"container\" data-e-type=\"container\">\n\t\t\t\t<\/div>\n\t\t<div class=\"elementor-element elementor-element-b5f9e82 e-con-full e-flex e-con e-child\" data-id=\"b5f9e82\" data-element_type=\"container\" data-e-type=\"container\">\n\t\t\t\t<\/div>\n\t\t<div class=\"elementor-element elementor-element-bc998b8 e-con-full e-flex e-con e-child\" data-id=\"bc998b8\" data-element_type=\"container\" data-e-type=\"container\">\n\t\t\t\t<\/div>\n\t\t<div class=\"elementor-element elementor-element-f23d951 e-con-full e-flex e-con e-child\" data-id=\"f23d951\" data-element_type=\"container\" data-e-type=\"container\">\n\t\t\t\t<\/div>\n\t\t\t\t\t<\/div>\n\t\t\t\t<\/div>\n\t\t\t\t<\/div>\n\t\t","protected":false},"excerpt":{"rendered":"<p>Willkommen im Farn Alles \u00fcber die Farn \/\/ All about Farn Contact us Auf einen Blick \/\/ at a glance Wir sind ein Wohnquartier, eine Gemeinschaft und ein Ortsteil in der Gemeinde Wohlen AG. Ob als Besucher oder als Einwohner, hier findest du alle Informationen rund um unser sch\u00f6nes Quartier. We are a residential neighbourhood, [&hellip;]<\/p>\n","protected":false},"author":1,"featured_media":0,"parent":0,"menu_order":0,"comment_status":"closed","ping_status":"closed","template":"elementor_header_footer","meta":{"footnotes":""},"class_list":["post-32","page","type-page","status-publish","hentry"],"_links":{"self":[{"href":"https:\/\/farnwohlen.ch\/index.php?rest_route=\/wp\/v2\/pages\/32","targetHints":{"allow":["GET"]}}],"collection":[{"href":"https:\/\/farnwohlen.ch\/index.php?rest_route=\/wp\/v2\/pages"}],"about":[{"href":"https:\/\/farnwohlen.ch\/index.php?rest_route=\/wp\/v2\/types\/page"}],"author":[{"embeddable":true,"href":"https:\/\/farnwohlen.ch\/index.php?rest_route=\/wp\/v2\/users\/1"}],"replies":[{"embeddable":true,"href":"https:\/\/farnwohlen.ch\/index.php?rest_route=%2Fwp%2Fv2%2Fcomments&post=32"}],"version-history":[{"count":61,"href":"https:\/\/farnwohlen.ch\/index.php?rest_route=\/wp\/v2\/pages\/32\/revisions"}],"predecessor-version":[{"id":163,"href":"https:\/\/farnwohlen.ch\/index.php?rest_route=\/wp\/v2\/pages\/32\/revisions\/163"}],"wp:attachment":[{"href":"https:\/\/farnwohlen.ch\/index.php?rest_route=%2Fwp%2Fv2%2Fmedia&parent=32"}],"curies":[{"name":"wp","href":"https:\/\/api.w.org\/{rel}","templated":true}]}}